{"id":422,"date":"2020-06-02T15:41:57","date_gmt":"2020-06-02T13:41:57","guid":{"rendered":"https:\/\/doyou.family\/home\/"},"modified":"2022-12-22T11:08:30","modified_gmt":"2022-12-22T10:08:30","slug":"home","status":"publish","type":"page","link":"https:\/\/doyou.family\/en\/","title":{"rendered":"Home"},"content":{"rendered":"<p>[et_pb_section fb_built=&#8221;1&#8243; fullwidth=&#8221;on&#8221; _builder_version=&#8221;4.18.0&#8243; _module_preset=&#8221;default&#8221; global_colors_info=&#8221;{}&#8221;][et_pb_fullwidth_header title=&#8221;Des loisirs \u00e0 domicile au service des familles&#8221; _builder_version=&#8221;4.19.2&#8243; _module_preset=&#8221;default&#8221; title_level=&#8221;h2&#8243; title_text_color=&#8221;#000000&#8243; title_font_size=&#8221;40px&#8221; title_line_height=&#8221;1.3em&#8221; background_image=&#8221;https:\/\/doyou.family\/wp-content\/uploads\/2022\/12\/832744620.jpg&#8221; height=&#8221;100vh&#8221; custom_padding=&#8221;15%||||false|false&#8221; custom_padding_tablet=&#8221;37%||||false|false&#8221; custom_padding_phone=&#8221;46%||||false|false&#8221; custom_padding_last_edited=&#8221;on|tablet&#8221; title_text_align_tablet=&#8221;center&#8221; title_text_align_phone=&#8221;center&#8221; title_text_align_last_edited=&#8221;on|phone&#8221; title_font_size_tablet=&#8221;30px&#8221; title_font_size_phone=&#8221;27px&#8221; title_font_size_last_edited=&#8221;on|tablet&#8221; background_last_edited=&#8221;on|phone&#8221; background_image_tablet=&#8221;https:\/\/doyou.family\/wp-content\/uploads\/2022\/12\/832744620.jpg&#8221; background_image_phone=&#8221;https:\/\/doyou.family\/wp-content\/uploads\/2022\/12\/832744620.jpg&#8221; background_enable_image_tablet=&#8221;on&#8221; background_enable_image_phone=&#8221;on&#8221; background_position_tablet=&#8221;center_left&#8221; background_horizontal_offset_phone=&#8221;19%&#8221; global_colors_info=&#8221;{}&#8221;][\/et_pb_fullwidth_header][\/et_pb_section][et_pb_section fb_built=&#8221;1&#8243; _builder_version=&#8221;4.18.0&#8243; _module_preset=&#8221;default&#8221; global_colors_info=&#8221;{}&#8221;][et_pb_row _builder_version=&#8221;4.18.0&#8243; _module_preset=&#8221;default&#8221; global_colors_info=&#8221;{}&#8221;][et_pb_column type=&#8221;4_4&#8243; _builder_version=&#8221;4.18.0&#8243; _module_preset=&#8221;default&#8221; global_colors_info=&#8221;{}&#8221;][et_pb_text _builder_version=&#8221;4.19.4&#8243; _module_preset=&#8221;default&#8221; hover_enabled=&#8221;0&#8243; global_colors_info=&#8221;{}&#8221; sticky_enabled=&#8221;0&#8243;]<\/p>\n<h6>We offer a wide range of activities for your children to make their stay as fun as possible. Whether at your accommodation or exploring the region, our professional and personalised supervision allows you to optimise your holiday and leisure time.<\/h6>\n<p>Fun for everyone, the key to a successful holiday!<\/p>\n<ul>\n<li>Your children have fun while you enjoy a morning of skiing powder, taking time to enjoy a meal at a restaurant, letting go at the apr\u00e8s-ski, or when you are busy working or entertaining friends.<\/li>\n<li>You can enjoy precious holiday time with your children without having to worry about organisation and supervision.<\/li>\n<\/ul>\n<p>Experience, safety, and discretion are our guarantees so that you can enjoy your leisure time to the full and without stress..<\/p>\n<p>[\/et_pb_text][\/et_pb_column][\/et_pb_row][\/et_pb_section][et_pb_section fb_built=&#8221;1&#8243; _builder_version=&#8221;4.19.4&#8243; _module_preset=&#8221;default&#8221; use_background_color_gradient=&#8221;on&#8221; background_color_gradient_stops=&#8221;#ffffff 69%|#67b9e8 69%&#8221; custom_padding=&#8221;||||false|false&#8221; background_last_edited=&#8221;on|phone&#8221; use_background_color_gradient_tablet=&#8221;on&#8221; background_color_gradient_stops_tablet=&#8221;#ffffff 84%|#05c3de 84%&#8221; global_colors_info=&#8221;{}&#8221;][et_pb_row _builder_version=&#8221;4.18.0&#8243; _module_preset=&#8221;default&#8221; global_colors_info=&#8221;{}&#8221;][et_pb_column type=&#8221;4_4&#8243; _builder_version=&#8221;4.18.0&#8243; _module_preset=&#8221;default&#8221; global_colors_info=&#8221;{}&#8221;][et_pb_text _builder_version=&#8221;4.18.0&#8243; _module_preset=&#8221;default&#8221; text_font_size=&#8221;20px&#8221; text_orientation=&#8221;center&#8221; global_colors_info=&#8221;{}&#8221;]<\/p>\n<p>OUR SERVICES<\/p>\n<p>[\/et_pb_text][et_pb_text _builder_version=&#8221;4.18.0&#8243; _module_preset=&#8221;default&#8221; text_font_size=&#8221;20px&#8221; text_orientation=&#8221;center&#8221; global_colors_info=&#8221;{}&#8221;]<\/p>\n<h2>Activities<\/h2>\n<p>[\/et_pb_text][\/et_pb_column][\/et_pb_row][et_pb_row column_structure=&#8221;1_3,1_3,1_3&#8243; _builder_version=&#8221;4.18.0&#8243; _module_preset=&#8221;default&#8221; global_colors_info=&#8221;{}&#8221;][et_pb_column type=&#8221;1_3&#8243; _builder_version=&#8221;4.18.0&#8243; _module_preset=&#8221;default&#8221; global_colors_info=&#8221;{}&#8221;][et_pb_text _builder_version=&#8221;4.19.0&#8243; _module_preset=&#8221;default&#8221; header_3_font=&#8221;|800|||||||&#8221; header_3_text_align=&#8221;center&#8221; header_3_text_color=&#8221;#FFFFFF&#8221; background_color=&#8221;#67b9e8&#8243; positioning=&#8221;relative&#8221; vertical_offset=&#8221;60px&#8221; horizontal_offset=&#8221;130px&#8221; z_index=&#8221;500&#8243; horizontal_offset_tablet=&#8221;130px&#8221; horizontal_offset_phone=&#8221;118px&#8221; horizontal_offset_last_edited=&#8221;on|phone&#8221; width=&#8221;54%&#8221; width_tablet=&#8221;33%&#8221; width_phone=&#8221;43%&#8221; width_last_edited=&#8221;on|phone&#8221; module_alignment=&#8221;center&#8221; custom_padding=&#8221;10px||||false|false&#8221; link_option_url=&#8221;https:\/\/doyou.family\/en\/swim\/&#8221; global_colors_info=&#8221;{}&#8221;]<\/p>\n<h3>SWIM<\/h3>\n<p>[\/et_pb_text][et_pb_image src=&#8221;https:\/\/doyou.family\/wp-content\/uploads\/2022\/10\/image-swimv2.jpg&#8221; alt=&#8221;image swim&#8221; url=&#8221;https:\/\/doyou.family\/en\/swim\/&#8221; _builder_version=&#8221;4.19.0&#8243; _module_preset=&#8221;default&#8221; global_colors_info=&#8221;{}&#8221;][\/et_pb_image][et_pb_button button_url=&#8221;https:\/\/doyou.family\/en\/bookings\/&#8221; button_text=&#8221;Book&#8221; button_alignment=&#8221;center&#8221; _builder_version=&#8221;4.19.2&#8243; _module_preset=&#8221;default&#8221; custom_button=&#8221;on&#8221; button_text_color=&#8221;#FFFFFF&#8221; button_bg_color=&#8221;#3c3c3b&#8221; button_border_width=&#8221;0px&#8221; button_border_radius=&#8221;0px&#8221; button_font=&#8221;|700|||||||&#8221; global_colors_info=&#8221;{}&#8221;][\/et_pb_button][\/et_pb_column][et_pb_column type=&#8221;1_3&#8243; _builder_version=&#8221;4.18.0&#8243; _module_preset=&#8221;default&#8221; global_colors_info=&#8221;{}&#8221;][et_pb_text _builder_version=&#8221;4.19.0&#8243; _module_preset=&#8221;default&#8221; header_3_font=&#8221;|800|||||||&#8221; header_3_text_align=&#8221;center&#8221; header_3_text_color=&#8221;#FFFFFF&#8221; background_color=&#8221;#39b8b8&#8243; positioning=&#8221;relative&#8221; vertical_offset=&#8221;60px&#8221; horizontal_offset=&#8221;130px&#8221; z_index=&#8221;500&#8243; horizontal_offset_tablet=&#8221;130px&#8221; horizontal_offset_phone=&#8221;118px&#8221; horizontal_offset_last_edited=&#8221;on|phone&#8221; width=&#8221;54%&#8221; width_tablet=&#8221;33%&#8221; width_phone=&#8221;43%&#8221; width_last_edited=&#8221;on|phone&#8221; module_alignment=&#8221;center&#8221; custom_padding=&#8221;10px||||false|false&#8221; link_option_url=&#8221;https:\/\/doyou.family\/en\/play\/&#8221; global_colors_info=&#8221;{}&#8221;]<\/p>\n<h3>PLAY<\/h3>\n<p>[\/et_pb_text][et_pb_image src=&#8221;https:\/\/doyou.family\/wp-content\/uploads\/2022\/11\/image-playv3.jpg&#8221; alt=&#8221;image play&#8221; url=&#8221;https:\/\/doyou.family\/en\/play\/&#8221; _builder_version=&#8221;4.19.0&#8243; _module_preset=&#8221;default&#8221; global_colors_info=&#8221;{}&#8221;][\/et_pb_image][et_pb_button button_url=&#8221;https:\/\/doyou.family\/en\/bookings\/&#8221; button_text=&#8221;Book&#8221; button_alignment=&#8221;center&#8221; _builder_version=&#8221;4.19.2&#8243; _module_preset=&#8221;default&#8221; custom_button=&#8221;on&#8221; button_text_color=&#8221;#FFFFFF&#8221; button_bg_color=&#8221;#3c3c3b&#8221; button_border_width=&#8221;0px&#8221; button_border_radius=&#8221;0px&#8221; button_font=&#8221;|700|||||||&#8221; global_colors_info=&#8221;{}&#8221;][\/et_pb_button][\/et_pb_column][et_pb_column type=&#8221;1_3&#8243; _builder_version=&#8221;4.18.0&#8243; _module_preset=&#8221;default&#8221; global_colors_info=&#8221;{}&#8221;][et_pb_text _builder_version=&#8221;4.19.0&#8243; _module_preset=&#8221;default&#8221; header_3_font=&#8221;|800|||||||&#8221; header_3_text_align=&#8221;center&#8221; header_3_text_color=&#8221;#FFFFFF&#8221; background_color=&#8221;#6c5da3&#8243; positioning=&#8221;relative&#8221; vertical_offset=&#8221;60px&#8221; horizontal_offset=&#8221;100px&#8221; z_index=&#8221;500&#8243; horizontal_offset_tablet=&#8221;100px&#8221; horizontal_offset_phone=&#8221;90px&#8221; horizontal_offset_last_edited=&#8221;on|phone&#8221; width=&#8221;65%&#8221; width_tablet=&#8221;37%&#8221; width_phone=&#8221;59%&#8221; width_last_edited=&#8221;on|phone&#8221; module_alignment=&#8221;center&#8221; custom_padding=&#8221;10px||||false|false&#8221; link_option_url=&#8221;https:\/\/doyou.family\/en\/explore\/&#8221; global_colors_info=&#8221;{}&#8221;]<\/p>\n<h3>EXPLORE<\/h3>\n<p>[\/et_pb_text][et_pb_image src=&#8221;https:\/\/doyou.family\/wp-content\/uploads\/2022\/10\/image-explorev2.jpg&#8221; alt=&#8221;image explore&#8221; url=&#8221;https:\/\/doyou.family\/en\/explore\/&#8221; _builder_version=&#8221;4.19.0&#8243; _module_preset=&#8221;default&#8221; global_colors_info=&#8221;{}&#8221;][\/et_pb_image][et_pb_button button_url=&#8221;https:\/\/doyou.family\/en\/bookings\/&#8221; button_text=&#8221;Book&#8221; button_alignment=&#8221;center&#8221; _builder_version=&#8221;4.19.2&#8243; _module_preset=&#8221;default&#8221; custom_button=&#8221;on&#8221; button_text_color=&#8221;#FFFFFF&#8221; button_bg_color=&#8221;#3c3c3b&#8221; button_border_width=&#8221;0px&#8221; button_border_radius=&#8221;0px&#8221; button_font=&#8221;|700|||||||&#8221; global_colors_info=&#8221;{}&#8221;][\/et_pb_button][\/et_pb_column][\/et_pb_row][\/et_pb_section][et_pb_section fb_built=&#8221;1&#8243; _builder_version=&#8221;4.18.0&#8243; _module_preset=&#8221;default&#8221; global_colors_info=&#8221;{}&#8221;][et_pb_row _builder_version=&#8221;4.18.0&#8243; _module_preset=&#8221;default&#8221; global_colors_info=&#8221;{}&#8221;][et_pb_column type=&#8221;4_4&#8243; _builder_version=&#8221;4.18.0&#8243; _module_preset=&#8221;default&#8221; global_colors_info=&#8221;{}&#8221;][et_pb_text _builder_version=&#8221;4.18.0&#8243; _module_preset=&#8221;default&#8221; text_font=&#8221;||||||||&#8221; text_font_size=&#8221;20px&#8221; global_colors_info=&#8221;{}&#8221;]<\/p>\n<p>ABOUT<\/p>\n<p>[\/et_pb_text][et_pb_text _builder_version=&#8221;4.18.0&#8243; _module_preset=&#8221;default&#8221; text_font_size=&#8221;20px&#8221; header_2_font=&#8221;||||||||&#8221; header_2_text_align=&#8221;left&#8221; text_orientation=&#8221;center&#8221; global_colors_info=&#8221;{}&#8221;]<\/p>\n<h2>Aur\u00e9lie Wiget<\/h2>\n<p>[\/et_pb_text][\/et_pb_column][\/et_pb_row][et_pb_row column_structure=&#8221;3_5,2_5&#8243; _builder_version=&#8221;4.18.0&#8243; _module_preset=&#8221;default&#8221; global_colors_info=&#8221;{}&#8221;][et_pb_column type=&#8221;3_5&#8243; _builder_version=&#8221;4.18.0&#8243; _module_preset=&#8221;default&#8221; global_colors_info=&#8221;{}&#8221;][et_pb_image src=&#8221;https:\/\/doyou.family\/wp-content\/uploads\/2022\/12\/aurelie-w-10.jpg&#8221; alt=&#8221;Aur\u00e9lie Wiget&#8221; _builder_version=&#8221;4.19.2&#8243; _module_preset=&#8221;default&#8221; global_colors_info=&#8221;{}&#8221;][\/et_pb_image][\/et_pb_column][et_pb_column type=&#8221;2_5&#8243; _builder_version=&#8221;4.18.0&#8243; _module_preset=&#8221;default&#8221; global_colors_info=&#8221;{}&#8221;][et_pb_text _builder_version=&#8221;4.19.2&#8243; _module_preset=&#8221;default&#8221; text_font_size=&#8221;18px&#8221; text_line_height=&#8221;1.6em&#8221; global_colors_info=&#8221;{}&#8221;]<\/p>\n<p>44 year-old married mother of 1<\/p>\n<p>Since 1996 I have been working professionally in the field of animation, first aid, and swimming activities with young people and families.<\/p>\n<p>My training coupled with my varied experience allows me to deliver top quality services with optimal safety.<\/p>\n<p>[\/et_pb_text][et_pb_text _builder_version=&#8221;4.19.0&#8243; _module_preset=&#8221;default&#8221; link_font=&#8221;|800|||||||&#8221; link_font_size=&#8221;20px&#8221; custom_margin=&#8221;||10px||false|false&#8221; global_colors_info=&#8221;{}&#8221;]<\/p>\n<p><a href=\"https:\/\/doyou.family\/en\/about-me\/\">Read more<\/a><\/p>\n<p>[\/et_pb_text][et_pb_divider divider_weight=&#8221;3px&#8221; _builder_version=&#8221;4.18.0&#8243; _module_preset=&#8221;default&#8221; width=&#8221;135px&#8221; width_tablet=&#8221;135px&#8221; width_phone=&#8221;134px&#8221; width_last_edited=&#8221;on|phone&#8221; global_colors_info=&#8221;{}&#8221;][\/et_pb_divider][\/et_pb_column][\/et_pb_row][et_pb_row column_structure=&#8221;1_2,1_4,1_4&#8243; use_custom_gutter=&#8221;on&#8221; gutter_width=&#8221;1&#8243; make_equal=&#8221;on&#8221; _builder_version=&#8221;4.19.0&#8243; _module_preset=&#8221;default&#8221; vertical_offset=&#8221;-120px&#8221; vertical_offset_tablet=&#8221;0px&#8221; vertical_offset_phone=&#8221;0px&#8221; vertical_offset_last_edited=&#8221;on|tablet&#8221; global_colors_info=&#8221;{}&#8221;][et_pb_column type=&#8221;1_2&#8243; _builder_version=&#8221;4.18.0&#8243; _module_preset=&#8221;default&#8221; global_colors_info=&#8221;{}&#8221;][\/et_pb_column][et_pb_column type=&#8221;1_4&#8243; _builder_version=&#8221;4.19.0&#8243; _module_preset=&#8221;default&#8221; background_color=&#8221;#6c5da3&#8243; global_colors_info=&#8221;{}&#8221;][et_pb_text _builder_version=&#8221;4.19.0&#8243; _module_preset=&#8221;default&#8221; text_text_color=&#8221;#FFFFFF&#8221; header_2_text_color=&#8221;#FFFFFF&#8221; header_3_text_color=&#8221;#FFFFFF&#8221; custom_padding=&#8221;50px|50px|50px|50px|true|true&#8221; global_colors_info=&#8221;{}&#8221;]<\/p>\n<p>Experience<\/p>\n<h2>25 years<\/h2>\n<p>[\/et_pb_text][\/et_pb_column][et_pb_column type=&#8221;1_4&#8243; _builder_version=&#8221;4.19.0&#8243; _module_preset=&#8221;default&#8221; background_color=&#8221;#6c5da3&#8243; global_colors_info=&#8221;{}&#8221;][et_pb_text _builder_version=&#8221;4.19.0&#8243; _module_preset=&#8221;default&#8221; text_text_color=&#8221;#FFFFFF&#8221; header_2_text_color=&#8221;#FFFFFF&#8221; header_3_text_color=&#8221;#FFFFFF&#8221; custom_padding=&#8221;50px|50px|50px|50px|true|true&#8221; global_colors_info=&#8221;{}&#8221;]<\/p>\n<p>Children who became swimmers<\/p>\n<h2>200+<\/h2>\n<p>[\/et_pb_text][\/et_pb_column][\/et_pb_row][\/et_pb_section]<\/p>\n","protected":false},"excerpt":{"rendered":"<p>We offer a wide range of activities for your children to make their stay as fun as possible. Whether at your accommodation or exploring the region, our professional and personalised supervision allows you to optimise your holiday and leisure time. Fun for everyone, the key to a successful holiday! Your children have fun while you [&hellip;]<\/p>\n","protected":false},"author":2,"featured_media":0,"parent":0,"menu_order":0,"comment_status":"closed","ping_status":"closed","template":"","meta":{"_et_pb_use_builder":"on","_et_pb_old_content":"","_et_gb_content_width":"","footnotes":""},"class_list":["post-422","page","type-page","status-publish","hentry"],"yoast_head":"<!-- This site is optimized with the Yoast SEO plugin v27.5 - https:\/\/yoast.com\/product\/yoast-seo-wordpress\/ -->\n<title>Home - Doyou Family<\/title>\n<meta name=\"description\" content=\"Nous proposons un large choix d\u2019activit\u00e9s pour la famille, afin que votre s\u00e9jour \u00e0 Verbier soit le plus divertissant possible.\" \/>\n<meta name=\"robots\" content=\"index, follow, max-snippet:-1, max-image-preview:large, max-video-preview:-1\" \/>\n<link rel=\"canonical\" href=\"https:\/\/doyou.family\/en\/\" \/>\n<meta property=\"og:locale\" content=\"en_US\" \/>\n<meta property=\"og:type\" content=\"article\" \/>\n<meta property=\"og:title\" content=\"Home - Doyou Family\" \/>\n<meta property=\"og:description\" content=\"Nous proposons un large choix d\u2019activit\u00e9s pour la famille, afin que votre s\u00e9jour \u00e0 Verbier soit le plus divertissant possible.\" \/>\n<meta property=\"og:url\" content=\"https:\/\/doyou.family\/en\/\" \/>\n<meta property=\"og:site_name\" content=\"Doyou Family\" \/>\n<meta property=\"article:modified_time\" content=\"2022-12-22T10:08:30+00:00\" \/>\n<meta property=\"og:image\" content=\"https:\/\/doyou.family\/wp-content\/uploads\/2022\/11\/logo-doyou-familyv2.png\" \/>\n\t<meta property=\"og:image:width\" content=\"1200\" \/>\n\t<meta property=\"og:image:height\" content=\"348\" \/>\n\t<meta property=\"og:image:type\" content=\"image\/png\" \/>\n<meta name=\"twitter:card\" content=\"summary_large_image\" \/>\n<meta name=\"twitter:label1\" content=\"Est. reading time\" \/>\n\t<meta name=\"twitter:data1\" content=\"7 minutes\" \/>\n<script type=\"application\/ld+json\" class=\"yoast-schema-graph\">{\"@context\":\"https:\\\/\\\/schema.org\",\"@graph\":[{\"@type\":\"WebPage\",\"@id\":\"https:\\\/\\\/doyou.family\\\/en\\\/\",\"url\":\"https:\\\/\\\/doyou.family\\\/en\\\/\",\"name\":\"Home - Doyou Family\",\"isPartOf\":{\"@id\":\"https:\\\/\\\/doyou.family\\\/en\\\/#website\"},\"datePublished\":\"2020-06-02T13:41:57+00:00\",\"dateModified\":\"2022-12-22T10:08:30+00:00\",\"description\":\"Nous proposons un large choix d\u2019activit\u00e9s pour la famille, afin que votre s\u00e9jour \u00e0 Verbier soit le plus divertissant possible.\",\"breadcrumb\":{\"@id\":\"https:\\\/\\\/doyou.family\\\/en\\\/#breadcrumb\"},\"inLanguage\":\"en-US\",\"potentialAction\":[{\"@type\":\"ReadAction\",\"target\":[\"https:\\\/\\\/doyou.family\\\/en\\\/\"]}]},{\"@type\":\"BreadcrumbList\",\"@id\":\"https:\\\/\\\/doyou.family\\\/en\\\/#breadcrumb\",\"itemListElement\":[{\"@type\":\"ListItem\",\"position\":1,\"name\":\"Accueil\",\"item\":\"https:\\\/\\\/doyou.family\\\/en\\\/\"},{\"@type\":\"ListItem\",\"position\":2,\"name\":\"Home\"}]},{\"@type\":\"WebSite\",\"@id\":\"https:\\\/\\\/doyou.family\\\/en\\\/#website\",\"url\":\"https:\\\/\\\/doyou.family\\\/en\\\/\",\"name\":\"Doyou Family\",\"description\":\"\",\"publisher\":{\"@id\":\"https:\\\/\\\/doyou.family\\\/en\\\/#organization\"},\"potentialAction\":[{\"@type\":\"SearchAction\",\"target\":{\"@type\":\"EntryPoint\",\"urlTemplate\":\"https:\\\/\\\/doyou.family\\\/en\\\/?s={search_term_string}\"},\"query-input\":{\"@type\":\"PropertyValueSpecification\",\"valueRequired\":true,\"valueName\":\"search_term_string\"}}],\"inLanguage\":\"en-US\"},{\"@type\":\"Organization\",\"@id\":\"https:\\\/\\\/doyou.family\\\/en\\\/#organization\",\"name\":\"Doyou Family\",\"url\":\"https:\\\/\\\/doyou.family\\\/en\\\/\",\"logo\":{\"@type\":\"ImageObject\",\"inLanguage\":\"en-US\",\"@id\":\"https:\\\/\\\/doyou.family\\\/en\\\/#\\\/schema\\\/logo\\\/image\\\/\",\"url\":\"https:\\\/\\\/doyou.family\\\/wp-content\\\/uploads\\\/2022\\\/11\\\/logo-doyou-familyv2.png\",\"contentUrl\":\"https:\\\/\\\/doyou.family\\\/wp-content\\\/uploads\\\/2022\\\/11\\\/logo-doyou-familyv2.png\",\"width\":1200,\"height\":348,\"caption\":\"Doyou Family\"},\"image\":{\"@id\":\"https:\\\/\\\/doyou.family\\\/en\\\/#\\\/schema\\\/logo\\\/image\\\/\"}}]}<\/script>\n<!-- \/ Yoast SEO plugin. -->","yoast_head_json":{"title":"Home - Doyou Family","description":"Nous proposons un large choix d\u2019activit\u00e9s pour la famille, afin que votre s\u00e9jour \u00e0 Verbier soit le plus divertissant possible.","robots":{"index":"index","follow":"follow","max-snippet":"max-snippet:-1","max-image-preview":"max-image-preview:large","max-video-preview":"max-video-preview:-1"},"canonical":"https:\/\/doyou.family\/en\/","og_locale":"en_US","og_type":"article","og_title":"Home - Doyou Family","og_description":"Nous proposons un large choix d\u2019activit\u00e9s pour la famille, afin que votre s\u00e9jour \u00e0 Verbier soit le plus divertissant possible.","og_url":"https:\/\/doyou.family\/en\/","og_site_name":"Doyou Family","article_modified_time":"2022-12-22T10:08:30+00:00","og_image":[{"width":1200,"height":348,"url":"https:\/\/doyou.family\/wp-content\/uploads\/2022\/11\/logo-doyou-familyv2.png","type":"image\/png"}],"twitter_card":"summary_large_image","twitter_misc":{"Est. reading time":"7 minutes"},"schema":{"@context":"https:\/\/schema.org","@graph":[{"@type":"WebPage","@id":"https:\/\/doyou.family\/en\/","url":"https:\/\/doyou.family\/en\/","name":"Home - Doyou Family","isPartOf":{"@id":"https:\/\/doyou.family\/en\/#website"},"datePublished":"2020-06-02T13:41:57+00:00","dateModified":"2022-12-22T10:08:30+00:00","description":"Nous proposons un large choix d\u2019activit\u00e9s pour la famille, afin que votre s\u00e9jour \u00e0 Verbier soit le plus divertissant possible.","breadcrumb":{"@id":"https:\/\/doyou.family\/en\/#breadcrumb"},"inLanguage":"en-US","potentialAction":[{"@type":"ReadAction","target":["https:\/\/doyou.family\/en\/"]}]},{"@type":"BreadcrumbList","@id":"https:\/\/doyou.family\/en\/#breadcrumb","itemListElement":[{"@type":"ListItem","position":1,"name":"Accueil","item":"https:\/\/doyou.family\/en\/"},{"@type":"ListItem","position":2,"name":"Home"}]},{"@type":"WebSite","@id":"https:\/\/doyou.family\/en\/#website","url":"https:\/\/doyou.family\/en\/","name":"Doyou Family","description":"","publisher":{"@id":"https:\/\/doyou.family\/en\/#organization"},"potentialAction":[{"@type":"SearchAction","target":{"@type":"EntryPoint","urlTemplate":"https:\/\/doyou.family\/en\/?s={search_term_string}"},"query-input":{"@type":"PropertyValueSpecification","valueRequired":true,"valueName":"search_term_string"}}],"inLanguage":"en-US"},{"@type":"Organization","@id":"https:\/\/doyou.family\/en\/#organization","name":"Doyou Family","url":"https:\/\/doyou.family\/en\/","logo":{"@type":"ImageObject","inLanguage":"en-US","@id":"https:\/\/doyou.family\/en\/#\/schema\/logo\/image\/","url":"https:\/\/doyou.family\/wp-content\/uploads\/2022\/11\/logo-doyou-familyv2.png","contentUrl":"https:\/\/doyou.family\/wp-content\/uploads\/2022\/11\/logo-doyou-familyv2.png","width":1200,"height":348,"caption":"Doyou Family"},"image":{"@id":"https:\/\/doyou.family\/en\/#\/schema\/logo\/image\/"}}]}},"_links":{"self":[{"href":"https:\/\/doyou.family\/en\/wp-json\/wp\/v2\/pages\/422","targetHints":{"allow":["GET"]}}],"collection":[{"href":"https:\/\/doyou.family\/en\/wp-json\/wp\/v2\/pages"}],"about":[{"href":"https:\/\/doyou.family\/en\/wp-json\/wp\/v2\/types\/page"}],"author":[{"embeddable":true,"href":"https:\/\/doyou.family\/en\/wp-json\/wp\/v2\/users\/2"}],"replies":[{"embeddable":true,"href":"https:\/\/doyou.family\/en\/wp-json\/wp\/v2\/comments?post=422"}],"version-history":[{"count":5,"href":"https:\/\/doyou.family\/en\/wp-json\/wp\/v2\/pages\/422\/revisions"}],"predecessor-version":[{"id":914,"href":"https:\/\/doyou.family\/en\/wp-json\/wp\/v2\/pages\/422\/revisions\/914"}],"wp:attachment":[{"href":"https:\/\/doyou.family\/en\/wp-json\/wp\/v2\/media?parent=422"}],"curies":[{"name":"wp","href":"https:\/\/api.w.org\/{rel}","templated":true}]}}